{"id":186,"date":"2022-07-05T20:50:26","date_gmt":"2022-07-05T18:50:26","guid":{"rendered":"https:\/\/plen10.godivi.dk\/frontpage\/"},"modified":"2026-02-27T17:00:26","modified_gmt":"2026-02-27T16:00:26","slug":"frontpage","status":"publish","type":"page","link":"https:\/\/thomasthoruplaw.com\/en\/","title":{"rendered":"Frontpage"},"content":{"rendered":"<p>[et_pb_section fb_built=&#8221;1&#8243; fullwidth=&#8221;on&#8221; module_class=&#8221;header-sektion-billede&#8221; _builder_version=&#8221;4.17.4&#8243; _module_preset=&#8221;default&#8221; global_colors_info=&#8221;{}&#8221;][et_pb_fullwidth_image src=&#8221;https:\/\/thomasthoruplaw.com\/wp-content\/uploads\/2022\/08\/frontpage_hero_final-h480.jpg&#8221; _builder_version=&#8221;4.17.6&#8243; _module_preset=&#8221;default&#8221; global_colors_info=&#8221;{}&#8221;][\/et_pb_fullwidth_image][\/et_pb_section][et_pb_section fb_built=&#8221;1&#8243; _builder_version=&#8221;4.17.4&#8243; _module_preset=&#8221;default&#8221; global_colors_info=&#8221;{}&#8221;][et_pb_row column_structure=&#8221;1_2,1_2&#8243; _builder_version=&#8221;4.17.4&#8243; _module_preset=&#8221;default&#8221; global_colors_info=&#8221;{}&#8221;][et_pb_column type=&#8221;1_2&#8243; _builder_version=&#8221;4.17.4&#8243; _module_preset=&#8221;default&#8221; global_colors_info=&#8221;{}&#8221;][et_pb_text module_class=&#8221;margin-small&#8221; _builder_version=&#8221;4.18.0&#8243; _module_preset=&#8221;default&#8221; global_colors_info=&#8221;{}&#8221;]<\/p>\n<h6>Danish-American legal expertise<\/h6>\n<h1>American lawyers in Denmark<\/h1>\n<h2>Danish lawyers in the USA<\/h2>\n<p>[\/et_pb_text][et_pb_button button_url=&#8221;@ET-DC@eyJkeW5hbWljIjp0cnVlLCJjb250ZW50IjoicG9zdF9saW5rX3VybF9wYWdlIiwic2V0dGluZ3MiOnsicG9zdF9pZCI6Ijg4MyIsImVuYWJsZV9odG1sIjoib2ZmIn19@&#8221; button_text=&#8221;Contact&#8221; admin_label=&#8221;Kontakt &#8211; Knap&#8221; _builder_version=&#8221;4.24.0&#8243; _dynamic_attributes=&#8221;button_url&#8221; _module_preset=&#8221;default&#8221; global_module=&#8221;128&#8243; saved_tabs=&#8221;all&#8221; global_colors_info=&#8221;{}&#8221;][\/et_pb_button][\/et_pb_column][et_pb_column type=&#8221;1_2&#8243; _builder_version=&#8221;4.17.4&#8243; _module_preset=&#8221;default&#8221; global_colors_info=&#8221;{}&#8221;][et_pb_text module_class=&#8221;forside-intro&#8221; _builder_version=&#8221;4.17.6&#8243; _module_preset=&#8221;default&#8221; global_colors_info=&#8221;{}&#8221;]<\/p>\n<p>We are an international law firm focused on advising Danish companies and entrepreneurs on all matters of U.S. law and legal matters. Our offices are strategically located in our two home countries\u2019 capitals, Copenhagen and Washington, D.C., which means we are available for our clients during both European and U.S. business hours. <\/p>\n<p><em>Our attorneys are admitted to practice before the Supreme Courts of both Denmark and the United States<\/em><\/p>\n<p>[\/et_pb_text][\/et_pb_column][\/et_pb_row][\/et_pb_section][et_pb_section fb_built=&#8221;1&#8243; admin_label=&#8221;News items &#8211; Sektion&#8221; module_class=&#8221;bg-moerksand h2-blaa news-items-sektion&#8221; _builder_version=&#8221;4.19.5&#8243; _module_preset=&#8221;default&#8221; global_colors_info=&#8221;{}&#8221;][et_pb_row _builder_version=&#8221;4.19.5&#8243; _module_preset=&#8221;default&#8221; global_colors_info=&#8221;{}&#8221;][et_pb_column type=&#8221;4_4&#8243; _builder_version=&#8221;4.19.5&#8243; _module_preset=&#8221;default&#8221; global_colors_info=&#8221;{}&#8221;][et_pb_text _builder_version=&#8221;4.19.5&#8243; _module_preset=&#8221;default&#8221; global_colors_info=&#8221;{}&#8221;]<\/p>\n<h2>News<\/h2>\n<p>[\/et_pb_text][et_pb_code _builder_version=&#8221;4.19.5&#8243; _module_preset=&#8221;default&#8221; global_colors_info=&#8221;{}&#8221;]<div class=\"cp-container\"><div class=\"cp-item\"><div class=\"cp-date\">07.11.2025<\/div><a href=\"https:\/\/thomasthoruplaw.com\/udbytteskat-skandalen-har-danmarks-advokater-begaaet-en-broeler-til-12-milliarder-kroner\/\" target=_blank >Udbytteskat-skandalen - Har Danmarks advokater beg\u00e5et en br\u00f8ler til 12 milliarder kroner?<\/a><\/div><div class=\"cp-item\"><div class=\"cp-date\">07.11.2025<\/div><a href=\"https:\/\/thomasthoruplaw.com\/om-profit-ansvar-og-saedbanker\/\" target=_blank >F\u00e6rre b\u00f8rn per s\u00e6ddonor og mere ansvar, tak!<\/a><\/div><div class=\"cp-item\"><div class=\"cp-date\">02.10.2025<\/div><a href=\"https:\/\/www.linkedin.com\/feed\/update\/urn:li:activity:7379467461001146368\/\" target=_blank >Check out our Summer Highlights at Thomas Thorup Law<\/a><\/div><div class=\"cp-item\"><div class=\"cp-date\">10.09.2025<\/div><a href=\"https:\/\/thomasthoruplaw.com\/new-state-department-rule-limits-visa-interviews-to-country-of-citizenship-or-residence\/\" target=_blank >New State Department Rule Limits Visa Interviews to Country of Citizenship or Residence<\/a><\/div><\/div>[\/et_pb_code][\/et_pb_column][\/et_pb_row][\/et_pb_section][et_pb_section fb_built=&#8221;1&#8243; admin_label=&#8221;Profiler &#8211; Sektion&#8221; module_class=&#8221;bg-dark bg-tema&#8221; _builder_version=&#8221;4.19.5&#8243; _module_preset=&#8221;default&#8221; global_colors_info=&#8221;{}&#8221;][et_pb_row _builder_version=&#8221;4.19.5&#8243; _module_preset=&#8221;default&#8221; global_colors_info=&#8221;{}&#8221;][et_pb_column type=&#8221;4_4&#8243; _builder_version=&#8221;4.19.5&#8243; _module_preset=&#8221;default&#8221; global_colors_info=&#8221;{}&#8221;][et_pb_text admin_label=&#8221;Kontakt &#8211; Tekst&#8221; _builder_version=&#8221;4.27.4&#8243; _module_preset=&#8221;default&#8221; hover_enabled=&#8221;0&#8243; global_colors_info=&#8221;{}&#8221; sticky_enabled=&#8221;0&#8243;]<\/p>\n<h2 style=\"text-align: left;\">Contact us today<\/h2>\n<p>[\/et_pb_text][\/et_pb_column][\/et_pb_row][et_pb_row _builder_version=&#8221;4.27.4&#8243; _module_preset=&#8221;default&#8221; global_colors_info=&#8221;{}&#8221;][et_pb_column type=&#8221;4_4&#8243; _builder_version=&#8221;4.19.5&#8243; _module_preset=&#8221;default&#8221; global_colors_info=&#8221;{}&#8221;][et_pb_team_member name=&#8221;Thomas Thorup&#8221; position=&#8221;Advokat (H) (Denmark), Attorney-at-law (California, D.C., U.S. Supreme Court), LL.M.&#8221; image_url=&#8221;https:\/\/thomasthoruplaw.com\/wp-content\/uploads\/2023\/04\/Thomas-b500.jpg&#8221; _builder_version=&#8221;4.24.0&#8243; _module_preset=&#8221;default&#8221; global_colors_info=&#8221;{}&#8221;]<\/p>\n<p><a href=\"mailto:tt@thomasthoruplaw.com\">tt@thomasthoruplaw.com<\/a><\/p>\n<p><a href=\"tel:+4530525330\">+45 3052 5330<\/a><\/p>\n<p><a href=\"tel:+12028990995\">+1 202 899 0995\u200b<\/a><\/p>\n<p>[\/et_pb_team_member][\/et_pb_column][\/et_pb_row][\/et_pb_section]<\/p>\n","protected":false},"excerpt":{"rendered":"<p>Danish-American legal expertise American lawyers in Denmark Danish lawyers in the USAWe are an international law firm focused on advising Danish companies and entrepreneurs on all matters of U.S. law and legal matters. Our offices are strategically located in our two home countries\u2019 capitals, Copenhagen and Washington, D.C., which means we are available for our [&hellip;]<\/p>\n","protected":false},"author":1,"featured_media":0,"parent":0,"menu_order":0,"comment_status":"closed","ping_status":"closed","template":"","meta":{"_acf_changed":false,"_et_pb_use_builder":"on","_et_pb_old_content":"","_et_gb_content_width":"","footnotes":""},"class_list":["post-186","page","type-page","status-publish","hentry"],"acf":[],"yoast_head":"<!-- This site is optimized with the Yoast SEO plugin v26.3 - https:\/\/yoast.com\/wordpress\/plugins\/seo\/ -->\n<title>Thomas Thorup Law | Danish-American law firm<\/title>\n<meta name=\"robots\" content=\"index, follow, max-snippet:-1, max-image-preview:large, max-video-preview:-1\" \/>\n<link rel=\"canonical\" href=\"https:\/\/thomasthoruplaw.com\/en\/\" \/>\n<meta property=\"og:locale\" content=\"en_US\" \/>\n<meta property=\"og:type\" content=\"article\" \/>\n<meta property=\"og:title\" content=\"Thomas Thorup Law | Danish-American law firm\" \/>\n<meta property=\"og:description\" content=\"Danish-American legal expertise American lawyers in Denmark Danish lawyers in the USAWe are an international law firm focused on advising Danish companies and entrepreneurs on all matters of U.S. law and legal matters. Our offices are strategically located in our two home countries\u2019 capitals, Copenhagen and Washington, D.C., which means we are available for our [&hellip;]\" \/>\n<meta property=\"og:url\" content=\"https:\/\/thomasthoruplaw.com\/en\/\" \/>\n<meta property=\"og:site_name\" content=\"Thomas Thorup Law\" \/>\n<meta property=\"article:modified_time\" content=\"2026-02-27T16:00:26+00:00\" \/>\n<meta property=\"og:image\" content=\"https:\/\/thomasthoruplaw.com\/wp-content\/uploads\/2022\/10\/Thorup-Law-logo-image.png\" \/>\n\t<meta property=\"og:image:width\" content=\"1200\" \/>\n\t<meta property=\"og:image:height\" content=\"650\" \/>\n\t<meta property=\"og:image:type\" content=\"image\/png\" \/>\n<meta name=\"twitter:card\" content=\"summary_large_image\" \/>\n<meta name=\"twitter:label1\" content=\"Est. reading time\" \/>\n\t<meta name=\"twitter:data1\" content=\"3 minutes\" \/>\n<script type=\"application\/ld+json\" class=\"yoast-schema-graph\">{\"@context\":\"https:\/\/schema.org\",\"@graph\":[{\"@type\":\"WebPage\",\"@id\":\"https:\/\/thomasthoruplaw.com\/en\/\",\"url\":\"https:\/\/thomasthoruplaw.com\/en\/\",\"name\":\"Thomas Thorup Law | Danish-American law firm\",\"isPartOf\":{\"@id\":\"https:\/\/thomasthoruplaw.com\/en\/#website\"},\"datePublished\":\"2022-07-05T18:50:26+00:00\",\"dateModified\":\"2026-02-27T16:00:26+00:00\",\"breadcrumb\":{\"@id\":\"https:\/\/thomasthoruplaw.com\/en\/#breadcrumb\"},\"inLanguage\":\"en-US\",\"potentialAction\":[{\"@type\":\"ReadAction\",\"target\":[\"https:\/\/thomasthoruplaw.com\/en\/\"]}]},{\"@type\":\"BreadcrumbList\",\"@id\":\"https:\/\/thomasthoruplaw.com\/en\/#breadcrumb\",\"itemListElement\":[{\"@type\":\"ListItem\",\"position\":1,\"name\":\"Hjem\",\"item\":\"https:\/\/thomasthoruplaw.com\/en\/frontpage\/\"},{\"@type\":\"ListItem\",\"position\":2,\"name\":\"Frontpage\"}]},{\"@type\":\"WebSite\",\"@id\":\"https:\/\/thomasthoruplaw.com\/en\/#website\",\"url\":\"https:\/\/thomasthoruplaw.com\/en\/\",\"name\":\"Thomas Thorup Law\",\"description\":\"Endnu en WordPress-blog\",\"potentialAction\":[{\"@type\":\"SearchAction\",\"target\":{\"@type\":\"EntryPoint\",\"urlTemplate\":\"https:\/\/thomasthoruplaw.com\/en\/?s={search_term_string}\"},\"query-input\":{\"@type\":\"PropertyValueSpecification\",\"valueRequired\":true,\"valueName\":\"search_term_string\"}}],\"inLanguage\":\"en-US\"}]}<\/script>\n<!-- \/ Yoast SEO plugin. -->","yoast_head_json":{"title":"Thomas Thorup Law | Danish-American law firm","robots":{"index":"index","follow":"follow","max-snippet":"max-snippet:-1","max-image-preview":"max-image-preview:large","max-video-preview":"max-video-preview:-1"},"canonical":"https:\/\/thomasthoruplaw.com\/en\/","og_locale":"en_US","og_type":"article","og_title":"Thomas Thorup Law | Danish-American law firm","og_description":"Danish-American legal expertise American lawyers in Denmark Danish lawyers in the USAWe are an international law firm focused on advising Danish companies and entrepreneurs on all matters of U.S. law and legal matters. Our offices are strategically located in our two home countries\u2019 capitals, Copenhagen and Washington, D.C., which means we are available for our [&hellip;]","og_url":"https:\/\/thomasthoruplaw.com\/en\/","og_site_name":"Thomas Thorup Law","article_modified_time":"2026-02-27T16:00:26+00:00","og_image":[{"width":1200,"height":650,"url":"https:\/\/thomasthoruplaw.com\/wp-content\/uploads\/2022\/10\/Thorup-Law-logo-image.png","type":"image\/png"}],"twitter_card":"summary_large_image","twitter_misc":{"Est. reading time":"3 minutes"},"schema":{"@context":"https:\/\/schema.org","@graph":[{"@type":"WebPage","@id":"https:\/\/thomasthoruplaw.com\/en\/","url":"https:\/\/thomasthoruplaw.com\/en\/","name":"Thomas Thorup Law | Danish-American law firm","isPartOf":{"@id":"https:\/\/thomasthoruplaw.com\/en\/#website"},"datePublished":"2022-07-05T18:50:26+00:00","dateModified":"2026-02-27T16:00:26+00:00","breadcrumb":{"@id":"https:\/\/thomasthoruplaw.com\/en\/#breadcrumb"},"inLanguage":"en-US","potentialAction":[{"@type":"ReadAction","target":["https:\/\/thomasthoruplaw.com\/en\/"]}]},{"@type":"BreadcrumbList","@id":"https:\/\/thomasthoruplaw.com\/en\/#breadcrumb","itemListElement":[{"@type":"ListItem","position":1,"name":"Hjem","item":"https:\/\/thomasthoruplaw.com\/en\/frontpage\/"},{"@type":"ListItem","position":2,"name":"Frontpage"}]},{"@type":"WebSite","@id":"https:\/\/thomasthoruplaw.com\/en\/#website","url":"https:\/\/thomasthoruplaw.com\/en\/","name":"Thomas Thorup Law","description":"Endnu en WordPress-blog","potentialAction":[{"@type":"SearchAction","target":{"@type":"EntryPoint","urlTemplate":"https:\/\/thomasthoruplaw.com\/en\/?s={search_term_string}"},"query-input":{"@type":"PropertyValueSpecification","valueRequired":true,"valueName":"search_term_string"}}],"inLanguage":"en-US"}]}},"_links":{"self":[{"href":"https:\/\/thomasthoruplaw.com\/en\/wp-json\/wp\/v2\/pages\/186","targetHints":{"allow":["GET"]}}],"collection":[{"href":"https:\/\/thomasthoruplaw.com\/en\/wp-json\/wp\/v2\/pages"}],"about":[{"href":"https:\/\/thomasthoruplaw.com\/en\/wp-json\/wp\/v2\/types\/page"}],"author":[{"embeddable":true,"href":"https:\/\/thomasthoruplaw.com\/en\/wp-json\/wp\/v2\/users\/1"}],"replies":[{"embeddable":true,"href":"https:\/\/thomasthoruplaw.com\/en\/wp-json\/wp\/v2\/comments?post=186"}],"version-history":[{"count":61,"href":"https:\/\/thomasthoruplaw.com\/en\/wp-json\/wp\/v2\/pages\/186\/revisions"}],"predecessor-version":[{"id":1126,"href":"https:\/\/thomasthoruplaw.com\/en\/wp-json\/wp\/v2\/pages\/186\/revisions\/1126"}],"wp:attachment":[{"href":"https:\/\/thomasthoruplaw.com\/en\/wp-json\/wp\/v2\/media?parent=186"}],"curies":[{"name":"wp","href":"https:\/\/api.w.org\/{rel}","templated":true}]}}